{"id":90,"date":"2022-11-11T19:09:05","date_gmt":"2022-11-11T16:09:05","guid":{"rendered":"https:\/\/www.reelaluminyum.com.tr\/de\/misyon-vizyon\/"},"modified":"2022-11-13T22:41:02","modified_gmt":"2022-11-13T19:41:02","slug":"mission-vision","status":"publish","type":"page","link":"https:\/\/www.reelaluminyum.com.tr\/de\/mission-vision\/","title":{"rendered":"Mission &#038; Vision"},"content":{"rendered":"\t\t<div data-elementor-type=\"wp-page\" data-elementor-id=\"90\" class=\"elementor elementor-90\">\n\t\t\t\t\t\t\t\t\t<section class=\"elementor-section elementor-top-section elementor-element elementor-element-5b42eda2 elementor-section-height-min-height elementor-section-stretched elementor-section-boxed elementor-section-height-default elementor-section-items-middle\" data-id=\"5b42eda2\" data-element_type=\"section\" data-settings=\"{&quot;stretch_section&quot;:&quot;section-stretched&quot;,&quot;background_background&quot;:&quot;classic&quot;}\">\n\t\t\t\t\t\t\t<div class=\"elementor-background-overlay\"><\/div>\n\t\t\t\t\t\t\t<div class=\"elementor-container elementor-column-gap-custom\">\n\t\t\t\t\t<div class=\"elementor-column elementor-col-100 elementor-top-column elementor-element elementor-element-7d4538bb\" data-id=\"7d4538bb\" data-element_type=\"column\">\n\t\t\t<div class=\"elementor-widget-wrap elementor-element-populated\">\n\t\t\t\t\t\t\t\t<div class=\"elementor-element elementor-element-3eaadaef elementor-align-left elementor-widget elementor-widget-etheme_advanced_headline\" data-id=\"3eaadaef\" data-element_type=\"widget\" data-widget_type=\"etheme_advanced_headline.default\">\n\t\t\t\t<div class=\"elementor-widget-container\">\n\t\t\t        \r\n        <div class=\"etheme-a-h-wrapper\">\r\n        \r\n                            <span class=\"etheme-a-h-text-before\">\r\n                    Mission und Vision                <\/span>\r\n            \r\n        <h2 class=\"etheme-advanced-headline etheme-advanced-headline-mask\">\r\n\r\n            Reel Aluminium \r\n        <\/h2>\r\n\t\t\r\n                    \r\n        <\/div>\r\n        \r\n\t\t\t\t<\/div>\n\t\t\t\t<\/div>\n\t\t\t\t\t<\/div>\n\t\t<\/div>\n\t\t\t\t\t\t\t<\/div>\n\t\t<\/section>\n\t\t\t\t<section class=\"elementor-section elementor-top-section elementor-element elementor-element-4f112884 elementor-section-stretched elementor-section-boxed elementor-section-height-default elementor-section-height-default\" data-id=\"4f112884\" data-element_type=\"section\" data-settings=\"{&quot;stretch_section&quot;:&quot;section-stretched&quot;,&quot;background_background&quot;:&quot;classic&quot;}\">\n\t\t\t\t\t\t<div class=\"elementor-container elementor-column-gap-no\">\n\t\t\t\t\t<div class=\"elementor-column elementor-col-100 elementor-top-column elementor-element elementor-element-40cecb42\" data-id=\"40cecb42\" data-element_type=\"column\">\n\t\t\t<div class=\"elementor-widget-wrap elementor-element-populated\">\n\t\t\t\t\t\t\t\t<div class=\"elementor-element elementor-element-4c5c129c elementor-align-center elementor-widget elementor-widget-etheme_advanced_headline\" data-id=\"4c5c129c\" data-element_type=\"widget\" data-widget_type=\"etheme_advanced_headline.default\">\n\t\t\t\t<div class=\"elementor-widget-container\">\n\t\t\t        \r\n        <div class=\"etheme-a-h-wrapper\">\r\n        \r\n                            <span class=\"etheme-a-h-text-before\">\r\n                    Aluminium-Extrusionsprodukte                <\/span>\r\n            \r\n        <h2 class=\"etheme-advanced-headline etheme-advanced-headline-mask\">\r\n\r\n            Qualit\u00e4tsrichtlinie\r\n        <\/h2>\r\n\t\t\r\n                            <p class=\"etheme-a-h-text-after\">\r\n                    &#8211; Unser oberstes Ziel ist es, die erste Wahl unserer Kunden bei den von uns hergestellten Produkten zu sein. <\/br><\/br>\n&#8211; Unsere Strategie im Einklang mit unserem Ziel ist es, Produkte herzustellen, die die Anforderungen unserer Kunden erf\u00fcllen, auch vor ihren Erwartungen, und die eine kontinuierliche Verbesserung beinhalten, und unsere f\u00fcr diese Produktion geeignete Infrastruktur kontinuierlich weiterzuentwickeln. <\/br><\/br>\n&#8211; Wir leiten unsere St\u00e4rke aus unserer starken Engineering-Struktur ab, die den Entwicklungen in der Welt und unserer INNOVATION-orientierten Struktur folgt. <\/br><\/br>                <\/p>\r\n                    \r\n        <\/div>\r\n        \r\n\t\t\t\t<\/div>\n\t\t\t\t<\/div>\n\t\t\t\t\t<\/div>\n\t\t<\/div>\n\t\t\t\t\t\t\t<\/div>\n\t\t<\/section>\n\t\t\t\t<section class=\"elementor-section elementor-top-section elementor-element elementor-element-5ccd55d6 elementor-section-stretched elementor-section-boxed elementor-section-height-default elementor-section-height-default\" data-id=\"5ccd55d6\" data-element_type=\"section\" data-settings=\"{&quot;stretch_section&quot;:&quot;section-stretched&quot;,&quot;background_background&quot;:&quot;classic&quot;}\">\n\t\t\t\t\t\t<div class=\"elementor-container elementor-column-gap-no\">\n\t\t\t\t\t<div class=\"elementor-column elementor-col-50 elementor-top-column elementor-element elementor-element-3b78798c\" data-id=\"3b78798c\" data-element_type=\"column\">\n\t\t\t<div class=\"elementor-widget-wrap elementor-element-populated\">\n\t\t\t\t\t\t\t\t<div class=\"elementor-element elementor-element-4420539b elementor-align-center elementor-widget elementor-widget-etheme_advanced_headline\" data-id=\"4420539b\" data-element_type=\"widget\" data-widget_type=\"etheme_advanced_headline.default\">\n\t\t\t\t<div class=\"elementor-widget-container\">\n\t\t\t        \r\n        <div class=\"etheme-a-h-wrapper\">\r\n        \r\n                            <span class=\"etheme-a-h-text-before\">\r\n                    Aluminium-Extrusionsprodukte                <\/span>\r\n            \r\n        <h2 class=\"etheme-advanced-headline etheme-advanced-headline-mask\">\r\n\r\n            Unsere Mission\r\n        <\/h2>\r\n\t\t\r\n                            <p class=\"etheme-a-h-text-after\">\r\n                    &#8211; Kundenzufriedenheit \u00fcber alles halten. <\/br>\n&#8211; Offen sein f\u00fcr Ver\u00e4nderungen und Entwicklungen. <\/br>\n&#8211; Zuversichtlich und begeistert sein, dass er das Beste in dem tut, was er tut. <\/br>\n&#8211; Nicht zu vergessen, dass unser wichtigstes Kapital die Humanressourcen sind. <\/br>\n&#8211; Schaffung von Mitteln, finanziellen Ressourcen und qualifizierten Arbeitskr\u00e4ften f\u00fcr eine kontinuierliche Entwicklung. <\/br>\n&#8211; Ein \u00fcberlegenes ethisches und moralisches Verst\u00e4ndnis unserer Arbeit zu haben. <\/br>\n&#8211; Zu wissen, dass die Gesch\u00e4ftskultur, der Ruf und die Ideale unseres Unternehmens Vorrang vor unseren pers\u00f6nlichen Vorteilen haben. <\/br>\n&#8211; Toleranz und Respekt f\u00fcr Ideale in Vorgesetzten-Untergebenen-Beziehungen zu zeigen. <\/br>                <\/p>\r\n                    \r\n        <\/div>\r\n        \r\n\t\t\t\t<\/div>\n\t\t\t\t<\/div>\n\t\t\t\t\t<\/div>\n\t\t<\/div>\n\t\t\t\t<div class=\"elementor-column elementor-col-50 elementor-top-column elementor-element elementor-element-5f7f6f6d\" data-id=\"5f7f6f6d\" data-element_type=\"column\">\n\t\t\t<div class=\"elementor-widget-wrap elementor-element-populated\">\n\t\t\t\t\t\t\t\t<div class=\"elementor-element elementor-element-3509dba5 elementor-align-center elementor-widget elementor-widget-etheme_advanced_headline\" data-id=\"3509dba5\" data-element_type=\"widget\" data-widget_type=\"etheme_advanced_headline.default\">\n\t\t\t\t<div class=\"elementor-widget-container\">\n\t\t\t        \r\n        <div class=\"etheme-a-h-wrapper\">\r\n        \r\n                            <span class=\"etheme-a-h-text-before\">\r\n                    Aluminyum Ekstr\u00fczyon \u00dcr\u00fcnleri                <\/span>\r\n            \r\n        <h2 class=\"etheme-advanced-headline etheme-advanced-headline-mask\">\r\n\r\n            Unsere Vision\r\n        <\/h2>\r\n\t\t\r\n                            <p class=\"etheme-a-h-text-after\">\r\n                    &#8211; Mit dem Bewusstsein zu arbeiten, dass Servicequalit\u00e4t und Zuverl\u00e4ssigkeit mit dem Leben der Menschen und dem Leben ihrer Strukturen zusammenh\u00e4ngen. <\/br>\n&#8211; N\u00fctzliche und qualitativ hochwertige Geb\u00e4ude und Lebensr\u00e4ume zu produzieren, ohne unsere Prinzipien zu gef\u00e4hrden, indem wir die moralische Qualit\u00e4t unserer Produkte und Dienstleistungen an oberster Stelle halten. <\/br>\n&#8211; Alle materiellen und moralischen Ressourcen und Talente unseres Unternehmens am Leben zu erhalten, um Perfektion zu erreichen, unsere ganze Kraft f\u00fcr den besten Service zu mobilisieren. <\/br>\n&#8211; Um 100% Kundenzufriedenheit zu bieten.                <\/p>\r\n                    \r\n        <\/div>\r\n        \r\n\t\t\t\t<\/div>\n\t\t\t\t<\/div>\n\t\t\t\t\t<\/div>\n\t\t<\/div>\n\t\t\t\t\t\t\t<\/div>\n\t\t<\/section>\n\t\t\t\t<section class=\"elementor-section elementor-top-section elementor-element elementor-element-6e24dc90 elementor-section-content-middle elementor-section-boxed elementor-section-height-default elementor-section-height-default\" data-id=\"6e24dc90\" data-element_type=\"section\" data-settings=\"{&quot;background_background&quot;:&quot;classic&quot;}\">\n\t\t\t\t\t\t<div class=\"elementor-container elementor-column-gap-no\">\n\t\t\t\t\t<div class=\"elementor-column elementor-col-33 elementor-top-column elementor-element elementor-element-2bd0897e\" data-id=\"2bd0897e\" data-element_type=\"column\">\n\t\t\t<div class=\"elementor-widget-wrap elementor-element-populated\">\n\t\t\t\t\t\t\t\t<div class=\"elementor-element elementor-element-64cb9dfd elementor-widget elementor-widget-image\" data-id=\"64cb9dfd\" data-element_type=\"widget\" data-widget_type=\"image.default\">\n\t\t\t\t<div class=\"elementor-widget-container\">\n\t\t\t<style>\/*! elementor - v3.8.0 - 30-10-2022 *\/\n.elementor-widget-image{text-align:center}.elementor-widget-image a{display:inline-block}.elementor-widget-image a img[src$=\".svg\"]{width:48px}.elementor-widget-image img{vertical-align:middle;display:inline-block}<\/style>\t\t\t\t\t\t\t\t\t\t\t\t<img decoding=\"async\" width=\"384\" height=\"153\" src=\"https:\/\/www.reelaluminyum.com.tr\/de\/wp-content\/uploads\/sites\/3\/2022\/11\/logo-reel.png\" class=\"attachment-full size-full\" alt=\"\" loading=\"lazy\" srcset=\"https:\/\/www.reelaluminyum.com.tr\/de\/wp-content\/uploads\/sites\/3\/2022\/11\/logo-reel.png 384w, https:\/\/www.reelaluminyum.com.tr\/de\/wp-content\/uploads\/sites\/3\/2022\/11\/logo-reel-300x120.png 300w, https:\/\/www.reelaluminyum.com.tr\/de\/wp-content\/uploads\/sites\/3\/2022\/11\/logo-reel-1x1.png 1w, https:\/\/www.reelaluminyum.com.tr\/de\/wp-content\/uploads\/sites\/3\/2022\/11\/logo-reel-10x4.png 10w\" sizes=\"(max-width: 384px) 100vw, 384px\" \/>\t\t\t\t\t\t\t\t\t\t\t\t\t\t\t<\/div>\n\t\t\t\t<\/div>\n\t\t\t\t\t<\/div>\n\t\t<\/div>\n\t\t\t\t<div class=\"elementor-column elementor-col-33 elementor-top-column elementor-element elementor-element-64f3ba79\" data-id=\"64f3ba79\" data-element_type=\"column\">\n\t\t\t<div class=\"elementor-widget-wrap elementor-element-populated\">\n\t\t\t\t\t\t\t\t<div class=\"elementor-element elementor-element-bdbae07 elementor-widget elementor-widget-heading\" data-id=\"bdbae07\" data-element_type=\"widget\" data-widget_type=\"heading.default\">\n\t\t\t\t<div class=\"elementor-widget-container\">\n\t\t\t<style>\/*! elementor - v3.8.0 - 30-10-2022 *\/\n.elementor-heading-title{padding:0;margin:0;line-height:1}.elementor-widget-heading .elementor-heading-title[class*=elementor-size-]>a{color:inherit;font-size:inherit;line-height:inherit}.elementor-widget-heading .elementor-heading-title.elementor-size-small{font-size:15px}.elementor-widget-heading .elementor-heading-title.elementor-size-medium{font-size:19px}.elementor-widget-heading .elementor-heading-title.elementor-size-large{font-size:29px}.elementor-widget-heading .elementor-heading-title.elementor-size-xl{font-size:39px}.elementor-widget-heading .elementor-heading-title.elementor-size-xxl{font-size:59px}<\/style><h2 class=\"elementor-heading-title elementor-size-default\">Schnelle Lieferung von der Produktion in die Welt<\/h2>\t\t<\/div>\n\t\t\t\t<\/div>\n\t\t\t\t<div class=\"elementor-element elementor-element-5473a82 elementor-widget elementor-widget-text-editor\" data-id=\"5473a82\" data-element_type=\"widget\" data-widget_type=\"text-editor.default\">\n\t\t\t\t<div class=\"elementor-widget-container\">\n\t\t\t<style>\/*! elementor - v3.8.0 - 30-10-2022 *\/\n.elementor-widget-text-editor.elementor-drop-cap-view-stacked .elementor-drop-cap{background-color:#818a91;color:#fff}.elementor-widget-text-editor.elementor-drop-cap-view-framed .elementor-drop-cap{color:#818a91;border:3px solid;background-color:transparent}.elementor-widget-text-editor:not(.elementor-drop-cap-view-default) .elementor-drop-cap{margin-top:8px}.elementor-widget-text-editor:not(.elementor-drop-cap-view-default) .elementor-drop-cap-letter{width:1em;height:1em}.elementor-widget-text-editor .elementor-drop-cap{float:left;text-align:center;line-height:1;font-size:50px}.elementor-widget-text-editor .elementor-drop-cap-letter{display:inline-block}<\/style>\t\t\t\t<p>Dank der Kombination aus hoher Qualit\u00e4t und angemessenem Preis exportieren wir in viele L\u00e4nder.<\/p>\t\t\t\t\t\t<\/div>\n\t\t\t\t<\/div>\n\t\t\t\t\t<\/div>\n\t\t<\/div>\n\t\t\t\t<div class=\"elementor-column elementor-col-33 elementor-top-column elementor-element elementor-element-2ff69da6\" data-id=\"2ff69da6\" data-element_type=\"column\">\n\t\t\t<div class=\"elementor-widget-wrap elementor-element-populated\">\n\t\t\t\t\t\t\t\t<div class=\"elementor-element elementor-element-7e1fa42 elementor-align-center elementor-widget elementor-widget-text_button\" data-id=\"7e1fa42\" data-element_type=\"widget\" data-widget_type=\"text_button.default\">\n\t\t\t\t<div class=\"elementor-widget-container\">\n\t\t\t<div class=\"etheme-button-wrapper\"><a href=\"mailto:export@reelaluminyum.com.tr\" class=\"fill-none etheme-text-button elementor-button\" role=\"button\">\r\n        <span class=\"elementor-button-content-wrapper\">\r\n            \t\t\t<span class=\"elementor-button-text\">Kontakt exportieren<\/span>\r\n        <\/span><\/a><\/div>\t\t<\/div>\n\t\t\t\t<\/div>\n\t\t\t\t\t<\/div>\n\t\t<\/div>\n\t\t\t\t\t\t\t<\/div>\n\t\t<\/section>\n\t\t\t\t\t\t\t<\/div>\n\t\t","protected":false},"excerpt":{"rendered":"<p>Mission und Vision Reel Aluminium Aluminium-Extrusionsprodukte Qualit\u00e4tsrichtlinie \u2013 Unser oberstes Ziel ist es, die erste Wahl unserer Kunden bei den von uns hergestellten Produkten zu&#8230;<\/p>\n","protected":false},"author":1,"featured_media":0,"parent":0,"menu_order":0,"comment_status":"closed","ping_status":"closed","template":"","meta":[],"_links":{"self":[{"href":"https:\/\/www.reelaluminyum.com.tr\/de\/wp-json\/wp\/v2\/pages\/90"}],"collection":[{"href":"https:\/\/www.reelaluminyum.com.tr\/de\/wp-json\/wp\/v2\/pages"}],"about":[{"href":"https:\/\/www.reelaluminyum.com.tr\/de\/wp-json\/wp\/v2\/types\/page"}],"author":[{"embeddable":true,"href":"https:\/\/www.reelaluminyum.com.tr\/de\/wp-json\/wp\/v2\/users\/1"}],"replies":[{"embeddable":true,"href":"https:\/\/www.reelaluminyum.com.tr\/de\/wp-json\/wp\/v2\/comments?post=90"}],"version-history":[{"count":8,"href":"https:\/\/www.reelaluminyum.com.tr\/de\/wp-json\/wp\/v2\/pages\/90\/revisions"}],"predecessor-version":[{"id":247,"href":"https:\/\/www.reelaluminyum.com.tr\/de\/wp-json\/wp\/v2\/pages\/90\/revisions\/247"}],"wp:attachment":[{"href":"https:\/\/www.reelaluminyum.com.tr\/de\/wp-json\/wp\/v2\/media?parent=90"}],"curies":[{"name":"wp","href":"https:\/\/api.w.org\/{rel}","templated":true}]}}